{"id":1392,"date":"2019-03-12T19:01:49","date_gmt":"2019-03-12T22:01:49","guid":{"rendered":"https:\/\/isfdhasenkamp-ers.infd.edu.ar\/sitio\/?page_id=1392"},"modified":"2019-08-06T09:30:58","modified_gmt":"2019-08-06T12:30:58","slug":"concursos","status":"publish","type":"page","link":"https:\/\/isfdhasenkamp-ers.infd.edu.ar\/sitio\/concursos\/","title":{"rendered":"Concursos"},"content":{"rendered":"<p>La rector\u00eda informa que est\u00e1n disponibles para notificaci\u00f3n, por cinco d\u00edas h\u00e1biles a partir de 5 de agosto de 2019 (en el horario de 8:00 a 12:00 en secretar\u00eda), los listados de quienes participaron en los siguientes concursos:<\/p>\n<p><b>Desdoblamiento de 1\u00ba, 2\u00ba a\u00f1o de la Tecnicatura Sup. en Enfermer\u00eda, y desdoblamiento de las pr\u00e1cticas profesionalizantes de 1\u00ba 2\u00ba y 3\u00ba a\u00f1o. de la misma carrera.\u00a0<\/b><\/p>\n<p><strong>Hasenkamp, 5 de agosto de 2019<\/strong><\/p>\n","protected":false},"excerpt":{"rendered":"<p>La rector\u00eda informa que est\u00e1n disponibles para notificaci\u00f3n, por cinco d\u00edas h\u00e1biles a partir de 5 de agosto de 2019 (en el horario de 8:00 a 12:00 en secretar\u00eda), los listados de quienes participaron en los siguientes concursos: Desdoblamiento de 1\u00ba, 2\u00ba a\u00f1o de la Tecnicatura Sup. en Enfermer\u00eda, y desdoblamiento de las pr\u00e1cticas profesionalizantes &#8230; <a title=\"Concursos\" class=\"read-more\" href=\"https:\/\/isfdhasenkamp-ers.infd.edu.ar\/sitio\/concursos\/\" aria-label=\"More on Concursos\">[+]<\/a><\/p>\n","protected":false},"author":299,"featured_media":0,"parent":0,"menu_order":0,"comment_status":"closed","ping_status":"closed","template":"","meta":[],"acf":[],"_links":{"self":[{"href":"https:\/\/isfdhasenkamp-ers.infd.edu.ar\/sitio\/wp-json\/wp\/v2\/pages\/1392"}],"collection":[{"href":"https:\/\/isfdhasenkamp-ers.infd.edu.ar\/sitio\/wp-json\/wp\/v2\/pages"}],"about":[{"href":"https:\/\/isfdhasenkamp-ers.infd.edu.ar\/sitio\/wp-json\/wp\/v2\/types\/page"}],"author":[{"embeddable":true,"href":"https:\/\/isfdhasenkamp-ers.infd.edu.ar\/sitio\/wp-json\/wp\/v2\/users\/299"}],"replies":[{"embeddable":true,"href":"https:\/\/isfdhasenkamp-ers.infd.edu.ar\/sitio\/wp-json\/wp\/v2\/comments?post=1392"}],"version-history":[{"count":7,"href":"https:\/\/isfdhasenkamp-ers.infd.edu.ar\/sitio\/wp-json\/wp\/v2\/pages\/1392\/revisions"}],"predecessor-version":[{"id":1479,"href":"https:\/\/isfdhasenkamp-ers.infd.edu.ar\/sitio\/wp-json\/wp\/v2\/pages\/1392\/revisions\/1479"}],"wp:attachment":[{"href":"https:\/\/isfdhasenkamp-ers.infd.edu.ar\/sitio\/wp-json\/wp\/v2\/media?parent=1392"}],"curies":[{"name":"wp","href":"https:\/\/api.w.org\/{rel}","templated":true}]}}