{"id":1640,"date":"2020-04-07T20:40:18","date_gmt":"2020-04-07T23:40:18","guid":{"rendered":"https:\/\/isfdhasenkamp-ers.infd.edu.ar\/sitio\/?page_id=1640"},"modified":"2025-03-31T16:30:21","modified_gmt":"2025-03-31T19:30:21","slug":"horarios-de-clases","status":"publish","type":"page","link":"https:\/\/isfdhasenkamp-ers.infd.edu.ar\/sitio\/horarios-de-clases\/","title":{"rendered":"Calendario y Horarios de Clases"},"content":{"rendered":"<h4><strong>Calendario Acad\u00e9mico 2025<\/strong><\/h4>\n<p><a href=\"https:\/\/drive.google.com\/file\/d\/1bXYon2HrcVSJVclB1laOiiNmEpOCC0Cd\/view?usp=sharing\">clic para ver el calendario<\/a><\/p>\n<h4>Horarios<\/h4>\n<p><strong>Profesorado de Geograf\u00eda<\/strong><br \/>\n<a href=\"https:\/\/drive.google.com\/file\/d\/1oBnKgcD8m7wJ5PFJIkIXRxnbqS-Z0vfM\/view?usp=sharing\">clic para ver los horarios<\/a><\/p>\n<p><strong>Profesorado de Historia<\/strong><br \/>\n<a href=\"https:\/\/drive.google.com\/file\/d\/1_PMz7rzEvvYRmsM_cGKVeDDB0zf1xH8u\/view?usp=sharing\">clic para ver los horarios<\/a><\/p>\n<p><strong>Profesorado de Econom\u00eda<\/strong><br \/>\n<a href=\"https:\/\/drive.google.com\/file\/d\/1jNDsqOEdGAWaKtn6OlNowviS_zutqDWd\/view?usp=sharing\">clic para ver los horarios<\/a><\/p>\n<p><strong>Tecnicatura Superior en Enfermer\u00eda<\/strong><\/p>\n<p><a href=\"https:\/\/drive.google.com\/file\/d\/1oETjYo7cnS70i34gKfr2aK0jvob3-Pvt\/view?usp=sharing\">clic para ver los horarios<\/a><\/p>\n","protected":false},"excerpt":{"rendered":"<p>Calendario Acad\u00e9mico 2025 clic para ver el calendario Horarios Profesorado de Geograf\u00eda clic para ver los horarios Profesorado de Historia clic para ver los horarios Profesorado de Econom\u00eda clic para ver los horarios Tecnicatura Superior en Enfermer\u00eda clic para ver los horarios<\/p>\n","protected":false},"author":299,"featured_media":0,"parent":0,"menu_order":0,"comment_status":"closed","ping_status":"closed","template":"","meta":[],"acf":[],"_links":{"self":[{"href":"https:\/\/isfdhasenkamp-ers.infd.edu.ar\/sitio\/wp-json\/wp\/v2\/pages\/1640"}],"collection":[{"href":"https:\/\/isfdhasenkamp-ers.infd.edu.ar\/sitio\/wp-json\/wp\/v2\/pages"}],"about":[{"href":"https:\/\/isfdhasenkamp-ers.infd.edu.ar\/sitio\/wp-json\/wp\/v2\/types\/page"}],"author":[{"embeddable":true,"href":"https:\/\/isfdhasenkamp-ers.infd.edu.ar\/sitio\/wp-json\/wp\/v2\/users\/299"}],"replies":[{"embeddable":true,"href":"https:\/\/isfdhasenkamp-ers.infd.edu.ar\/sitio\/wp-json\/wp\/v2\/comments?post=1640"}],"version-history":[{"count":6,"href":"https:\/\/isfdhasenkamp-ers.infd.edu.ar\/sitio\/wp-json\/wp\/v2\/pages\/1640\/revisions"}],"predecessor-version":[{"id":2420,"href":"https:\/\/isfdhasenkamp-ers.infd.edu.ar\/sitio\/wp-json\/wp\/v2\/pages\/1640\/revisions\/2420"}],"wp:attachment":[{"href":"https:\/\/isfdhasenkamp-ers.infd.edu.ar\/sitio\/wp-json\/wp\/v2\/media?parent=1640"}],"curies":[{"name":"wp","href":"https:\/\/api.w.org\/{rel}","templated":true}]}}