{"id":2343,"date":"2025-02-24T20:20:17","date_gmt":"2025-02-24T23:20:17","guid":{"rendered":"https:\/\/isfdhasenkamp-ers.infd.edu.ar\/sitio\/?page_id=2343"},"modified":"2025-02-24T20:20:21","modified_gmt":"2025-02-24T23:20:21","slug":"normativas","status":"publish","type":"page","link":"https:\/\/isfdhasenkamp-ers.infd.edu.ar\/sitio\/normativas\/","title":{"rendered":"Normativas"},"content":{"rendered":"\n<p><a href=\"https:\/\/drive.google.com\/file\/d\/0BzCpPixCdQdjbGM4RjBRbFJlaDg\/view?usp=sharing&amp;resourcekey=0-e0uY_aEw87B1VI6CNLFoWA\">R\u00e9gimen Acad\u00e9mico Marco &#8211; Resoluci\u00f3n 4798\/15<\/a><\/p>\n\n\n\n<p><a href=\"https:\/\/drive.google.com\/file\/d\/1quVXkfZYXUI8ea-IJx7Z4s_ZqYZezRek\/view?usp=sharing\">R\u00e9gimen Acad\u00e9mico Marco &#8211; Resoluci\u00f3n 0249\/24<\/a><\/p>\n\n\n\n<p><a href=\"https:\/\/drive.google.com\/file\/d\/1WzwI1zACAaOLD8o471LnmGBd2LKNHK8M\/view?usp=sharing\">Ayudant\u00eda de C\u00e1tedras &#8211; Resoluci\u00f3n 1988\/07<\/a><\/p>\n","protected":false},"excerpt":{"rendered":"<p>R\u00e9gimen Acad\u00e9mico Marco &#8211; Resoluci\u00f3n 4798\/15 R\u00e9gimen Acad\u00e9mico Marco &#8211; Resoluci\u00f3n 0249\/24 Ayudant\u00eda de C\u00e1tedras &#8211; Resoluci\u00f3n 1988\/07<\/p>\n","protected":false},"author":299,"featured_media":0,"parent":0,"menu_order":0,"comment_status":"closed","ping_status":"closed","template":"","meta":[],"acf":[],"_links":{"self":[{"href":"https:\/\/isfdhasenkamp-ers.infd.edu.ar\/sitio\/wp-json\/wp\/v2\/pages\/2343"}],"collection":[{"href":"https:\/\/isfdhasenkamp-ers.infd.edu.ar\/sitio\/wp-json\/wp\/v2\/pages"}],"about":[{"href":"https:\/\/isfdhasenkamp-ers.infd.edu.ar\/sitio\/wp-json\/wp\/v2\/types\/page"}],"author":[{"embeddable":true,"href":"https:\/\/isfdhasenkamp-ers.infd.edu.ar\/sitio\/wp-json\/wp\/v2\/users\/299"}],"replies":[{"embeddable":true,"href":"https:\/\/isfdhasenkamp-ers.infd.edu.ar\/sitio\/wp-json\/wp\/v2\/comments?post=2343"}],"version-history":[{"count":2,"href":"https:\/\/isfdhasenkamp-ers.infd.edu.ar\/sitio\/wp-json\/wp\/v2\/pages\/2343\/revisions"}],"predecessor-version":[{"id":2346,"href":"https:\/\/isfdhasenkamp-ers.infd.edu.ar\/sitio\/wp-json\/wp\/v2\/pages\/2343\/revisions\/2346"}],"wp:attachment":[{"href":"https:\/\/isfdhasenkamp-ers.infd.edu.ar\/sitio\/wp-json\/wp\/v2\/media?parent=2343"}],"curies":[{"name":"wp","href":"https:\/\/api.w.org\/{rel}","templated":true}]}}