{"id":949,"date":"2018-08-30T13:42:06","date_gmt":"2018-08-30T16:42:06","guid":{"rendered":"https:\/\/isfdhasenkamp-ers.infd.edu.ar\/sitio\/profesorado-de-economia\/"},"modified":"2023-03-27T20:40:10","modified_gmt":"2023-03-27T23:40:10","slug":"profesorado-de-economia","status":"publish","type":"page","link":"https:\/\/isfdhasenkamp-ers.infd.edu.ar\/sitio\/profesorado-de-economia\/","title":{"rendered":"Profesorado de Econom\u00eda"},"content":{"rendered":"<p><span style=\"font-size: 12pt;\"><strong><em>Profesorado de Educaci\u00f3n Secundaria en Econom\u00eda<\/em><\/strong><\/span><\/p>\n<p><span style=\"font-size: 12pt;\"><strong><em>Dise\u00f1o &#8211; <a title=\"Dise\u00f1o del Profesorado de Econom\u00eda\" href=\"https:\/\/drive.google.com\/file\/d\/1w0nbGSSYElQdhujlYOSmL0XQt7LxamxT\/view?usp=sharing\">Res.4795\/15 CGE<\/a>&#8211;\u00a0<strong><em>correlatividades\u00a0<a href=\"https:\/\/isfdhasenkamp-ers.infd.edu.ar\/aula\/archivos\/repositorio\/\/0\/122\/Correlat_de_Prof._Economia_Resolucion_1441_2017.pdf\" target=\"_NEW\" rel=\"noopener\"><strong>Correlat_de_Prof._Economia_Resolucion_1441_2017.pdf<\/strong><\/a><\/em><\/strong><\/em><\/strong><\/span><\/p>\n<p><span style=\"font-size: 12pt;\"><strong><em>r\u00e9gimen de correlatividades vigente a partir del a\u00f1o 2023 <a href=\"https:\/\/drive.google.com\/file\/d\/1oGPn9i1sTCAwaEgV8aVYzlFNIg1VpmuK\/view?usp=sharing\">Resoluci\u00f3n 0337\/23<\/a><\/em><\/strong><\/span><\/p>\n<p><span style=\"text-decoration: underline;\">T\u00edtulo<\/span>: Profesor de Educaci\u00f3n Secundaria en Econom\u00eda<\/p>\n<p><span style=\"text-decoration: underline;\">Duraci\u00f3n<\/span>: 4 a\u00f1os<\/p>\n<p><span style=\"text-decoration: underline;\">R\u00e9gimen de cursado<\/span>: Presencial<\/p>\n<p><span style=\"text-decoration: underline;\">Validez<\/span>: Nacional<\/p>\n<p><span style=\"text-decoration: underline;\">\u00a0<\/span><\/p>\n<p><span style=\"text-decoration: underline;\">Objetivos de las propuestas de Formaci\u00f3n Docente<\/span>:<\/p>\n<p>&#x25aa; Preparar y formar docentes para un eficaz desempe\u00f1o en la Educaci\u00f3n Secundaria.<\/p>\n<p>&#x25aa; Perfeccionar y actualizar a los estudiantes en aspectos culturales, cient\u00edficos y t\u00e9cnicos.<\/p>\n<p>&#x25aa; Promover el desarrollo de Investigaci\u00f3n Educativa y la realizaci\u00f3n de experiencias innovadoras.<\/p>\n<p>&#x25aa; Formar docentes capaces de actuar con solidez profesional, responsabilidad, esp\u00edritu cr\u00edtico y reflexivo.<\/p>\n<p>&#x25aa; Fomentar el sentido responsable del ejercicio de la docencia y el respeto por la tarea educativa.<\/p>\n<p><span style=\"text-decoration: underline;\">Plan de Estudios:<\/span><\/p>\n<table style=\"width: 376px;\" border=\"1\" cellspacing=\"0\" cellpadding=\"0\" align=\"left\">\n<tbody>\n<tr>\n<td valign=\"top\" width=\"376\">\n<p style=\"text-align: center;\"><span style=\"text-decoration: underline;\"><strong>PRIMER A\u00d1O<\/strong><\/span><\/p>\n<\/td>\n<\/tr>\n<tr>\n<td valign=\"top\" width=\"376\">\n<ol>\n<li><span style=\"font-size: 10pt; font-family: 'comic sans ms', sans-serif;\"><strong>Pedagog\u00eda<\/strong><\/span><\/li>\n<li><span style=\"font-size: 10pt; font-family: 'comic sans ms', sans-serif;\"><strong>Taller de Corporeidad, juegos y leng. art\u00edsticos<\/strong><\/span><\/li>\n<li><span style=\"font-size: 10pt; font-family: 'comic sans ms', sans-serif;\"><strong>Taller de Oralidad, Lectura, Escritura y TIC<\/strong><\/span><\/li>\n<li><span style=\"font-size: 10pt; font-family: 'comic sans ms', sans-serif;\"><strong>Did\u00e1ctica general<\/strong><\/span><\/li>\n<li><span style=\"font-size: 10pt; font-family: 'comic sans ms', sans-serif;\"><strong>Hist. Econ.Contemporanea<\/strong><\/span><\/li>\n<li><span style=\"font-size: 10pt; font-family: 'comic sans ms', sans-serif;\"><strong>Introducc. a la Econ.<\/strong><\/span><\/li>\n<li><span style=\"font-size: 10pt; font-family: 'comic sans ms', sans-serif;\"><strong>Introd. a la Administ.<\/strong><\/span><\/li>\n<li><span style=\"font-size: 10pt; font-family: 'comic sans ms', sans-serif;\"><strong>Introd. a la Contabilidad<\/strong><\/span><\/li>\n<li><span style=\"font-size: 10pt; font-family: 'comic sans ms', sans-serif;\"><strong>Matem\u00e1tica I<\/strong><\/span><\/li>\n<li><span style=\"font-size: 10pt; font-family: 'comic sans ms', sans-serif;\"><strong>Pract. Prof. Docente I<\/strong><\/span><\/li>\n<\/ol>\n<p><span style=\"font-size: 10pt;\"><strong>\u00a0\u00a0\u00a0<\/strong><\/span><\/td>\n<\/tr>\n<tr>\n<td style=\"text-align: center;\" valign=\"top\" width=\"376\"><span style=\"text-decoration: underline;\"><strong>SEGUNDO A\u00d1O<\/strong><\/span><\/td>\n<\/tr>\n<tr>\n<td valign=\"top\" width=\"376\">\n<ol>\n<li><span style=\"font-size: 10pt;\"><strong><span style=\"font-family: 'comic sans ms', sans-serif;\">Filosof\u00eda<\/span><\/strong><\/span><\/li>\n<li><span style=\"font-size: 10pt;\"><strong><span style=\"font-family: 'comic sans ms', sans-serif;\">Hist. Soc.Pol.Argent. y Latinoamericana<\/span><\/strong><\/span><\/li>\n<li><span style=\"font-size: 10pt;\"><strong><span style=\"font-family: 'comic sans ms', sans-serif;\">Ps. Educacional<\/span><\/strong><\/span><\/li>\n<li><span style=\"font-size: 10pt;\"><strong><span style=\"font-family: 'comic sans ms', sans-serif;\">Educaci\u00f3n Sexual integral<\/span><\/strong><\/span><\/li>\n<li><span style=\"font-size: 10pt;\"><strong><span style=\"font-family: 'comic sans ms', sans-serif;\">Sujetos de la Educ. Secundaria<\/span><\/strong><\/span><\/li>\n<li><span style=\"font-size: 10pt;\"><strong><span style=\"font-family: 'comic sans ms', sans-serif;\">Did\u00e1ctica de las Cs. Sociales<\/span><\/strong><\/span><\/li>\n<li><span style=\"font-size: 10pt;\"><strong><span style=\"font-family: 'comic sans ms', sans-serif;\">Econom\u00eda Pol\u00edtica<\/span><\/strong><\/span><\/li>\n<li><span style=\"font-size: 10pt;\"><strong><span style=\"font-family: 'comic sans ms', sans-serif;\">T. y G. de las Organiz. I<\/span><\/strong><\/span><\/li>\n<li><span style=\"font-size: 10pt;\"><strong><span style=\"font-family: 'comic sans ms', sans-serif;\">Micro y macroeconom\u00eda<\/span><\/strong><\/span><\/li>\n<li><span style=\"font-size: 10pt;\"><strong><span style=\"font-family: 'comic sans ms', sans-serif;\">Matem\u00e1tica II<\/span><\/strong><\/span><\/li>\n<li><span style=\"font-size: 10pt;\"><strong><span style=\"font-family: 'comic sans ms', sans-serif;\">Pract.\u00a0 Docente II<\/span><\/strong><\/span><\/li>\n<\/ol>\n<p><strong>\u00a0<\/strong><\/p>\n<p><strong>\u00a0<\/strong><\/td>\n<\/tr>\n<tr>\n<td valign=\"top\" width=\"376\">\n<p style=\"text-align: center;\"><span style=\"text-decoration: underline;\"><strong>TERCER A\u00d1O<\/strong><\/span><\/p>\n<\/td>\n<\/tr>\n<tr>\n<td valign=\"top\" width=\"376\"><strong>\u00a0<\/strong><\/p>\n<ol>\n<li><span style=\"font-family: 'comic sans ms', sans-serif; font-size: 10pt;\"><strong>An\u00e1lisis y org. De las inst. Educt.<\/strong><\/span><\/li>\n<li><span style=\"font-family: 'comic sans ms', sans-serif; font-size: 10pt;\"><strong>Historia de la Educ. Argentina<\/strong><\/span><\/li>\n<li><span style=\"font-family: 'comic sans ms', sans-serif; font-size: 10pt;\"><strong>Sociolog\u00eda de la Educaci\u00f3n<\/strong><\/span><\/li>\n<li><span style=\"font-family: 'comic sans ms', sans-serif; font-size: 10pt;\"><strong>Did\u00e1ctica de la Econom\u00eda<\/strong><\/span><\/li>\n<li><span style=\"font-family: 'comic sans ms', sans-serif; font-size: 10pt;\"><strong>Derecho I<\/strong><\/span><\/li>\n<li><span style=\"font-family: 'comic sans ms', sans-serif; font-size: 10pt;\"><strong>Teoria y gest. De las org. I<\/strong><\/span><\/li>\n<li><span style=\"font-family: 'comic sans ms', sans-serif; font-size: 10pt;\"><strong>Sist. De inf. Contable I<\/strong><\/span><\/li>\n<li><span style=\"font-family: 'comic sans ms', sans-serif; font-size: 10pt;\"><strong>Econom\u00eda para la vida I<\/strong><\/span><\/li>\n<li><span style=\"font-family: 'comic sans ms', sans-serif; font-size: 10pt;\"><strong>Epistemolog\u00eda de la econom\u00eda<\/strong><\/span><\/li>\n<li><span style=\"font-family: 'comic sans ms', sans-serif; font-size: 10pt;\"><strong>UDI<\/strong><\/span><\/li>\n<li><span style=\"font-family: 'comic sans ms', sans-serif; font-size: 10pt;\"><strong>Pr\u00e1ctica profesional docente III<\/strong><\/span><\/li>\n<\/ol>\n<p><strong>\u00a0<\/strong><\/td>\n<\/tr>\n<tr>\n<td valign=\"top\" width=\"376\">\n<p style=\"text-align: center;\"><span style=\"text-decoration: underline;\"><strong>CUARTO A\u00d1O<\/strong><\/span><\/p>\n<\/td>\n<\/tr>\n<tr>\n<td valign=\"top\" width=\"376\">\n<ol>\n<li><span style=\"font-family: 'comic sans ms', sans-serif; font-size: 10pt;\"><strong>DDHH y ciudadan\u00eda<\/strong><\/span><\/li>\n<li><span style=\"font-family: 'comic sans ms', sans-serif; font-size: 10pt;\"><strong>Econom\u00eda para la vida II<\/strong><\/span><\/li>\n<li><span style=\"font-family: 'comic sans ms', sans-serif; font-size: 10pt;\"><strong>Derecho II<\/strong><\/span><\/li>\n<li><span style=\"font-family: 'comic sans ms', sans-serif; font-size: 10pt;\"><strong>Estudio de la realidad Econ.y Soc. regional<\/strong><\/span><\/li>\n<li><span style=\"font-family: 'comic sans ms', sans-serif; font-size: 10pt;\"><strong>Sist. De inform contable II<\/strong><\/span><\/li>\n<li><span style=\"font-family: 'comic sans ms', sans-serif; font-size: 10pt;\"><strong>Problem. Econ.contemp.<\/strong><\/span><\/li>\n<li><span style=\"font-family: 'comic sans ms', sans-serif; font-size: 10pt;\"><strong>UDI<\/strong><\/span><\/li>\n<li><span style=\"font-family: 'comic sans ms', sans-serif; font-size: 10pt;\"><strong>Pr\u00e1ctica profesional docente IV<\/strong><\/span><\/li>\n<\/ol>\n<\/td>\n<\/tr>\n<\/tbody>\n<\/table>\n<p style=\"text-align: center;\">\n","protected":false},"excerpt":{"rendered":"<p>Profesorado de Educaci\u00f3n Secundaria en Econom\u00eda Dise\u00f1o &#8211; Res.4795\/15 CGE&#8211;\u00a0correlatividades\u00a0Correlat_de_Prof._Economia_Resolucion_1441_2017.pdf r\u00e9gimen de correlatividades vigente a partir del a\u00f1o 2023 Resoluci\u00f3n 0337\/23 T\u00edtulo: Profesor de Educaci\u00f3n Secundaria en Econom\u00eda Duraci\u00f3n: 4 a\u00f1os R\u00e9gimen de cursado: Presencial Validez: Nacional \u00a0 Objetivos de las propuestas de Formaci\u00f3n Docente: &#x25aa; Preparar y formar docentes para un eficaz desempe\u00f1o en &#8230; <a title=\"Profesorado de Econom\u00eda\" class=\"read-more\" href=\"https:\/\/isfdhasenkamp-ers.infd.edu.ar\/sitio\/profesorado-de-economia\/\" aria-label=\"More on Profesorado de Econom\u00eda\">[+]<\/a><\/p>\n","protected":false},"author":299,"featured_media":0,"parent":0,"menu_order":0,"comment_status":"closed","ping_status":"closed","template":"","meta":[],"acf":[],"_links":{"self":[{"href":"https:\/\/isfdhasenkamp-ers.infd.edu.ar\/sitio\/wp-json\/wp\/v2\/pages\/949"}],"collection":[{"href":"https:\/\/isfdhasenkamp-ers.infd.edu.ar\/sitio\/wp-json\/wp\/v2\/pages"}],"about":[{"href":"https:\/\/isfdhasenkamp-ers.infd.edu.ar\/sitio\/wp-json\/wp\/v2\/types\/page"}],"author":[{"embeddable":true,"href":"https:\/\/isfdhasenkamp-ers.infd.edu.ar\/sitio\/wp-json\/wp\/v2\/users\/299"}],"replies":[{"embeddable":true,"href":"https:\/\/isfdhasenkamp-ers.infd.edu.ar\/sitio\/wp-json\/wp\/v2\/comments?post=949"}],"version-history":[{"count":3,"href":"https:\/\/isfdhasenkamp-ers.infd.edu.ar\/sitio\/wp-json\/wp\/v2\/pages\/949\/revisions"}],"predecessor-version":[{"id":2106,"href":"https:\/\/isfdhasenkamp-ers.infd.edu.ar\/sitio\/wp-json\/wp\/v2\/pages\/949\/revisions\/2106"}],"wp:attachment":[{"href":"https:\/\/isfdhasenkamp-ers.infd.edu.ar\/sitio\/wp-json\/wp\/v2\/media?parent=949"}],"curies":[{"name":"wp","href":"https:\/\/api.w.org\/{rel}","templated":true}]}}