{"id":951,"date":"2018-08-30T13:42:07","date_gmt":"2018-08-30T16:42:07","guid":{"rendered":"https:\/\/isfdhasenkamp-ers.infd.edu.ar\/sitio\/tecnicatura-superior-en-enfermeria\/"},"modified":"2024-02-25T10:40:27","modified_gmt":"2024-02-25T13:40:27","slug":"tecnicatura-superior-en-enfermeria","status":"publish","type":"page","link":"https:\/\/isfdhasenkamp-ers.infd.edu.ar\/sitio\/tecnicatura-superior-en-enfermeria\/","title":{"rendered":"Tecnicatura Superior en Enfermer\u00eda"},"content":{"rendered":"<p><span style=\"font-size: 14pt; color: #008000;\">CARRERA:<br \/>\n<strong>TECNICATURA SUPERIOR EN ENFERMERIA<\/strong><\/span><\/p>\n<p>Dise\u00f1o y correlatividades &#8211; <a title=\"Dise\u00f1o y Correlatividades de Tecnicatura Sup. en Enfermer\u00eda\" href=\"https:\/\/drive.google.com\/file\/d\/13ZaMLv5-0h1SnTqj9DbB0m9u4NNe29iz\/view?usp=sharing\">Res. 620\/15 CGE<\/a><\/p>\n<p><a href=\"https:\/\/isfdhasenkamp-ers.infd.edu.ar\/aula\/archivos\/repositorio\/\/0\/128\/Correlatividad_de_enfermeria_620_Resolucion_4388-17_CGE.pdf\" target=\"_NEW\" rel=\"noopener\"><strong>Correlatividad_de_enfermeria_620_Resolucion_4388-17_CGE.pdf<\/strong><\/a><\/p>\n<p><span style=\"text-decoration: underline;\">TITULO<\/span>: Enfermero\/Enfermera<\/p>\n<p><span style=\"text-decoration: underline;\">Duraci\u00f3n<\/span>: 3 a\u00f1os<\/p>\n<p><span style=\"text-decoration: underline;\">Nivel<\/span>: Superior<\/p>\n<p><span style=\"text-decoration: underline;\">Modalidad<\/span>: Formaci\u00f3n T\u00e9cnica<\/p>\n<p><span style=\"text-decoration: underline;\">Cursado<\/span>: Presencial (de lunes a viernes por la ma\u00f1ana)<\/p>\n<p><span style=\"text-decoration: underline;\">Resoluci\u00f3n<\/span>: 0620\/15 CGE<\/p>\n<p><span style=\"text-decoration: underline;\">Objetivos de la propuesta de formaci\u00f3n<\/span>:<\/p>\n<p>&#x25aa; Formar acad\u00e9micamente t\u00e9cnicos profesionales de nivel superior en enfermer\u00eda capacitados cient\u00edfica y humanamente para desarrollar, gestionar y ejecutar cuidados de enfermer\u00eda para la promoci\u00f3n, prevenci\u00f3n y recuperaci\u00f3n de la salud.<\/p>\n<p>&#x25aa; Favorecer la construcci\u00f3n de perfiles profesionales competentes para desempe\u00f1arse en equipos de salud interdisciplinarios e intersociales.<\/p>\n<p>&#x25aa; Potenciar profesionales capaces de asumir una actividad reflexiva, cr\u00edtica, \u00e9tica y de responsabilidad legal.<\/p>\n<p>&#x25aa; Promover la capacitaci\u00f3n y actualizaci\u00f3n permanente de los equipos docentes, egresados y alumnos.<\/p>\n<p><span style=\"text-decoration: underline;\"><span style=\"font-size: 18pt;\"><strong>Plan de Estudios:<\/strong><\/span><\/span><\/p>\n<table border=\"1\" cellspacing=\"0\" cellpadding=\"0\">\n<tbody>\n<tr>\n<td valign=\"top\" width=\"732\">\n<p style=\"text-align: center;\"><span style=\"text-decoration: underline;\"><span style=\"color: #008000; font-size: 14pt; font-family: 'arial black','avant garde';\"><strong><em>Primer A\u00f1o<\/em><\/strong><\/span><\/span><\/p>\n<\/td>\n<\/tr>\n<tr>\n<td valign=\"top\" width=\"732\">\n<ol>\n<li>Introd. y fund.de los cuidados de enferm<\/li>\n<li>Anatom\u00eda y fisiolog\u00eda<\/li>\n<li>Bioqu\u00edmica<\/li>\n<li>Biof\u00edsica<\/li>\n<li>Bioetica y deontolog\u00eda<\/li>\n<li>Metodolog. De la investigaci\u00f3n I<\/li>\n<li>Salud P\u00fablica<\/li>\n<li>Farmacolog\u00eda I<\/li>\n<li>Conoc. De la realidad soc. en el contexto global<\/li>\n<li>Microbiolog. Y parasitolog\u00eda<\/li>\n<li>Primeros Auxilios<\/li>\n<li>Pract. Profesionalizantes I<\/li>\n<li>UDI- Taller de oralidad<\/li>\n<\/ol>\n<\/td>\n<\/tr>\n<tr>\n<td valign=\"top\" width=\"732\">\n<p style=\"text-align: center;\"><span style=\"text-decoration: underline;\"><span style=\"font-size: 14pt; font-family: 'arial black','avant garde'; color: #008000;\"><strong><em>Segundo\u00a0 A\u00f1o<\/em><\/strong><\/span><\/span><\/p>\n<\/td>\n<\/tr>\n<tr>\n<td valign=\"top\" width=\"732\">\n<ol>\n<li>Cuidados de enferm. Del adulto y Anciano<\/li>\n<li>Enferm. En Salud mental y Psiquiatria<\/li>\n<li>Aspectos Psicosociales y culturales del desarrollo<\/li>\n<li>Proceso soc. aplicado en el contexto de la salud<\/li>\n<li>Metodolog. De la investigaci\u00f3n II<\/li>\n<li>Alimentaci\u00f3n, nutrici\u00f3n y dietoterapia<\/li>\n<li>Enferm. En Salud comunitaria<\/li>\n<li>Farmacolog\u00eda II<\/li>\n<li>Cuidados integrados basados en la evidencia I<\/li>\n<li>Idioma extranjero: ingl\u00e9s t\u00e9cnico<\/li>\n<li>Pract. Profesionalizantes II<\/li>\n<li>UDI- Inform.<\/li>\n<\/ol>\n<\/td>\n<\/tr>\n<tr>\n<td valign=\"top\" width=\"732\">\n<p style=\"text-align: center;\"><span style=\"text-decoration: underline;\"><span style=\"color: #008000; font-family: 'arial black','avant garde'; font-size: 14pt;\"><strong><em>Tercer\u00a0 A\u00f1o<\/em><\/strong><\/span><\/span><\/p>\n<\/td>\n<\/tr>\n<tr class=\"Texto_arial\">\n<td valign=\"top\" width=\"732\">\n<ol>\n<li>Enfer. De la madre, ni\u00f1o y adolescente<\/li>\n<li>Adm. Y gest. De los recursos en enfermer\u00eda<\/li>\n<li>Comunicaci\u00f3n y educaci\u00f3n<\/li>\n<li>Marcos Legales<\/li>\n<li>Urgencias y emergencia<\/li>\n<li>Inform\u00e1tica<\/li>\n<li>Cuidados integrados basados en la evidencia II<\/li>\n<li>Idioma extranjero: Portugu\u00e9s<\/li>\n<li>Derechos Humanos<\/li>\n<li>Seminario de investigaci\u00f3n<\/li>\n<li>Pract. Profesionalizantes II<\/li>\n<li>UDI-<\/li>\n<\/ol>\n<\/td>\n<\/tr>\n<\/tbody>\n<\/table>\n","protected":false},"excerpt":{"rendered":"<p>CARRERA: TECNICATURA SUPERIOR EN ENFERMERIA Dise\u00f1o y correlatividades &#8211; Res. 620\/15 CGE Correlatividad_de_enfermeria_620_Resolucion_4388-17_CGE.pdf TITULO: Enfermero\/Enfermera Duraci\u00f3n: 3 a\u00f1os Nivel: Superior Modalidad: Formaci\u00f3n T\u00e9cnica Cursado: Presencial (de lunes a viernes por la ma\u00f1ana) Resoluci\u00f3n: 0620\/15 CGE Objetivos de la propuesta de formaci\u00f3n: &#x25aa; Formar acad\u00e9micamente t\u00e9cnicos profesionales de nivel superior en enfermer\u00eda capacitados cient\u00edfica y humanamente &#8230; <a title=\"Tecnicatura Superior en Enfermer\u00eda\" class=\"read-more\" href=\"https:\/\/isfdhasenkamp-ers.infd.edu.ar\/sitio\/tecnicatura-superior-en-enfermeria\/\" aria-label=\"More on Tecnicatura Superior en Enfermer\u00eda\">[+]<\/a><\/p>\n","protected":false},"author":299,"featured_media":0,"parent":0,"menu_order":0,"comment_status":"closed","ping_status":"closed","template":"","meta":[],"acf":[],"_links":{"self":[{"href":"https:\/\/isfdhasenkamp-ers.infd.edu.ar\/sitio\/wp-json\/wp\/v2\/pages\/951"}],"collection":[{"href":"https:\/\/isfdhasenkamp-ers.infd.edu.ar\/sitio\/wp-json\/wp\/v2\/pages"}],"about":[{"href":"https:\/\/isfdhasenkamp-ers.infd.edu.ar\/sitio\/wp-json\/wp\/v2\/types\/page"}],"author":[{"embeddable":true,"href":"https:\/\/isfdhasenkamp-ers.infd.edu.ar\/sitio\/wp-json\/wp\/v2\/users\/299"}],"replies":[{"embeddable":true,"href":"https:\/\/isfdhasenkamp-ers.infd.edu.ar\/sitio\/wp-json\/wp\/v2\/comments?post=951"}],"version-history":[{"count":1,"href":"https:\/\/isfdhasenkamp-ers.infd.edu.ar\/sitio\/wp-json\/wp\/v2\/pages\/951\/revisions"}],"predecessor-version":[{"id":2213,"href":"https:\/\/isfdhasenkamp-ers.infd.edu.ar\/sitio\/wp-json\/wp\/v2\/pages\/951\/revisions\/2213"}],"wp:attachment":[{"href":"https:\/\/isfdhasenkamp-ers.infd.edu.ar\/sitio\/wp-json\/wp\/v2\/media?parent=951"}],"curies":[{"name":"wp","href":"https:\/\/api.w.org\/{rel}","templated":true}]}}