{"id":960,"date":"2018-08-30T13:42:10","date_gmt":"2018-08-30T16:42:10","guid":{"rendered":"https:\/\/isfdhasenkamp-ers.infd.edu.ar\/sitio\/resolucion-para-ayudante-de-catedra\/"},"modified":"2025-02-24T20:33:42","modified_gmt":"2025-02-24T23:33:42","slug":"resolucion-para-ayudante-de-catedra","status":"publish","type":"page","link":"https:\/\/isfdhasenkamp-ers.infd.edu.ar\/sitio\/resolucion-para-ayudante-de-catedra\/","title":{"rendered":"Resoluci\u00f3n para Ayudant\u00eda de C\u00e1tedra"},"content":{"rendered":"<p>Resoluci\u00f3n 1888\/07 CGE &#8211; condiciones y requisitos para la Funci\u00f3n de Ayudante de C\u00e1tedra en los Institutos Superiores<\/p>\n<p>clic en <a title=\"Resoluci\u00f3n Ayudante de C\u00e1tedra\" href=\"upload\/Resolucion_188807_Ayudante_de_Catedra.pdf\" target=\"_blank\" rel=\"noopener\">ayudantes de c\u00e1tedras<\/a><\/p>\n","protected":false},"excerpt":{"rendered":"<p>Resoluci\u00f3n 1888\/07 CGE &#8211; condiciones y requisitos para la Funci\u00f3n de Ayudante de C\u00e1tedra en los Institutos Superiores clic en ayudantes de c\u00e1tedras<\/p>\n","protected":false},"author":299,"featured_media":0,"parent":0,"menu_order":0,"comment_status":"closed","ping_status":"closed","template":"","meta":[],"acf":[],"_links":{"self":[{"href":"https:\/\/isfdhasenkamp-ers.infd.edu.ar\/sitio\/wp-json\/wp\/v2\/pages\/960"}],"collection":[{"href":"https:\/\/isfdhasenkamp-ers.infd.edu.ar\/sitio\/wp-json\/wp\/v2\/pages"}],"about":[{"href":"https:\/\/isfdhasenkamp-ers.infd.edu.ar\/sitio\/wp-json\/wp\/v2\/types\/page"}],"author":[{"embeddable":true,"href":"https:\/\/isfdhasenkamp-ers.infd.edu.ar\/sitio\/wp-json\/wp\/v2\/users\/299"}],"replies":[{"embeddable":true,"href":"https:\/\/isfdhasenkamp-ers.infd.edu.ar\/sitio\/wp-json\/wp\/v2\/comments?post=960"}],"version-history":[{"count":3,"href":"https:\/\/isfdhasenkamp-ers.infd.edu.ar\/sitio\/wp-json\/wp\/v2\/pages\/960\/revisions"}],"predecessor-version":[{"id":2359,"href":"https:\/\/isfdhasenkamp-ers.infd.edu.ar\/sitio\/wp-json\/wp\/v2\/pages\/960\/revisions\/2359"}],"wp:attachment":[{"href":"https:\/\/isfdhasenkamp-ers.infd.edu.ar\/sitio\/wp-json\/wp\/v2\/media?parent=960"}],"curies":[{"name":"wp","href":"https:\/\/api.w.org\/{rel}","templated":true}]}}